{"id":2,"date":"2024-05-16T21:23:12","date_gmt":"2024-05-16T19:23:12","guid":{"rendered":"http:\/\/copro-chopin.fr\/?page_id=2"},"modified":"2024-05-23T09:58:19","modified_gmt":"2024-05-23T07:58:19","slug":"pourquoi-ce-site","status":"publish","type":"page","link":"https:\/\/copro-chopin.fr\/index.php\/pourquoi-ce-site\/","title":{"rendered":"Pourquoi ce site ?"},"content":{"rendered":"\n<figure class=\"wp-block-image size-large\"><img loading=\"lazy\" decoding=\"async\" width=\"1024\" height=\"542\" src=\"https:\/\/copro-chopin.fr\/wp-content\/uploads\/2024\/05\/chopin-1024x542.jpg\" alt=\"\" class=\"wp-image-53\" srcset=\"https:\/\/copro-chopin.fr\/wp-content\/uploads\/2024\/05\/chopin-1024x542.jpg 1024w, https:\/\/copro-chopin.fr\/wp-content\/uploads\/2024\/05\/chopin-300x159.jpg 300w, https:\/\/copro-chopin.fr\/wp-content\/uploads\/2024\/05\/chopin-768x406.jpg 768w, https:\/\/copro-chopin.fr\/wp-content\/uploads\/2024\/05\/chopin.jpg 1200w\" sizes=\"auto, (max-width: 1024px) 100vw, 1024px\" \/><\/figure>\n\n\n\n<p>Lors de l&rsquo;Assembl\u00e9e G\u00e9n\u00e9rale du 23\/01\/2024, nous avons pu assister \u00e0 une ing\u00e9rence manifeste du syndic. Alors m\u00eame que les copropri\u00e9taires exprimaient leur rejet d&rsquo;un candidat au conseil syndical, le syndic a manipul\u00e9 l&rsquo;audience en utilisant des arguments inacceptables pour d\u00e9fendre le candidat concern\u00e9, plut\u00f4t que d&rsquo;observer une position de neutralit\u00e9.<\/p>\n\n\n\n<p>Manipulant quelques pouvoirs et consignes de vote qui avaient \u00e9t\u00e9 transmis, jouant sur quelques votes par correspondance, le malheureux candidat fut \u00e9lu devant une assembl\u00e9e circonspecte. Dans quel int\u00e9r\u00eat le syndic a-t-il pris cette position ? Nous sommes en droit de nous poser la question.<\/p>\n\n\n\n<p>Malgr\u00e9 son devoir de transparence, le syndic refuse de transmettre nombre d&rsquo;\u00e9l\u00e9ments pourtant dus aux membres du conseil syndical pour leur permettre d&rsquo;exercer leur mission de contr\u00f4le et de d\u00e9fense de l&rsquo;int\u00e9r\u00eat des copropri\u00e9taires. Face \u00e0 cette situation, nous pourrions l\u00e9gitimement penser que le pr\u00e9sident prenne position pour contraindre le syndic et d\u00e9fendre l&rsquo;int\u00e9r\u00eat des copropri\u00e9taires&#8230; <strong>Il n&rsquo;en est rien !<\/strong><\/p>\n\n\n\n<blockquote class=\"wp-block-quote is-layout-flow wp-block-quote-is-layout-flow\">\n<p>Plusieurs membres du conseil syndical s&rsquo;insurgent et d\u00e9noncent les pratiques irr\u00e9guli\u00e8res et ill\u00e9gales du syndic.<\/p>\n<\/blockquote>\n\n\n\n<p><strong>Syst\u00e9matiquement, le pr\u00e9sident d\u00e9fend les agissements du syndic, quand ce n&rsquo;est pas le syndic qui prend la d\u00e9fense du pr\u00e9sident<\/strong>. Tous deux balayant d&rsquo;un revers de la main la moindre opposition, malgr\u00e9 des arguments \u00e9tay\u00e9s et factuels.<\/p>\n\n\n\n<p>Le plus incroyable, c&rsquo;est que le pr\u00e9sident du conseil syndical n&rsquo;est autre que le candidat qui avait \u00e9t\u00e9 rejet\u00e9 par la majorit\u00e9 de l&rsquo;assembl\u00e9e g\u00e9n\u00e9rale avant le tour de passe-passe du syndic. Ce m\u00eame candidat que vous rejetiez est aujourd&rsquo;hui soutenu par suffisamment de membres du conseil syndical en d\u00e9pit des innombrables malfa\u00e7ons qui vous seront rapport\u00e9es ici.<\/p>\n\n\n\n<p>Face \u00e0 cette collusion manifeste entre le syndic et certains membres du conseil syndical, \u00e0 ces d\u00e9rives multiples et d\u00e9cisions prises sans consultation ; <strong>certains membres du conseil syndical et copropri\u00e9taires ont adh\u00e9r\u00e9 \u00e0 une association de d\u00e9fense<\/strong>. R\u00e9guli\u00e8rement nous faisons appel au service juridique de l&rsquo;association.<\/p>\n\n\n\n<p>Il est temps de vous transmettre l&rsquo;ensemble des \u00e9l\u00e9ments et irr\u00e9gularit\u00e9s que nous constatons.<\/p>\n\n\n\n<p class=\"has-text-align-center\"><strong>Ensemble, reprenons le contr\u00f4le de la copropri\u00e9t\u00e9 et retrouvons un fonctionnement normal.<\/strong><\/p>\n\n\n\n<p>Au-del\u00e0 de cet objectif de transparence, ce site a vocation \u00e0 \u00eatre un support d&rsquo;information sur l&rsquo;activit\u00e9 de la copropri\u00e9t\u00e9.<\/p>\n","protected":false},"excerpt":{"rendered":"<p>Lors de l&rsquo;Assembl\u00e9e G\u00e9n\u00e9rale du 23\/01\/2024, nous avons pu assister \u00e0 une ing\u00e9rence manifeste du syndic. Alors m\u00eame que les copropri\u00e9taires exprimaient leur rejet d&rsquo;un candidat au conseil syndical, le syndic a manipul\u00e9 l&rsquo;audience en utilisant des arguments inacceptables pour d\u00e9fendre le candidat concern\u00e9, plut\u00f4t que d&rsquo;observer une position de neutralit\u00e9. Manipulant quelques pouvoirs et [&hellip;]<\/p>\n","protected":false},"author":1,"featured_media":0,"parent":0,"menu_order":0,"comment_status":"closed","ping_status":"closed","template":"","meta":{"footnotes":""},"class_list":["post-2","page","type-page","status-publish","hentry"],"_links":{"self":[{"href":"https:\/\/copro-chopin.fr\/index.php\/wp-json\/wp\/v2\/pages\/2","targetHints":{"allow":["GET"]}}],"collection":[{"href":"https:\/\/copro-chopin.fr\/index.php\/wp-json\/wp\/v2\/pages"}],"about":[{"href":"https:\/\/copro-chopin.fr\/index.php\/wp-json\/wp\/v2\/types\/page"}],"author":[{"embeddable":true,"href":"https:\/\/copro-chopin.fr\/index.php\/wp-json\/wp\/v2\/users\/1"}],"replies":[{"embeddable":true,"href":"https:\/\/copro-chopin.fr\/index.php\/wp-json\/wp\/v2\/comments?post=2"}],"version-history":[{"count":16,"href":"https:\/\/copro-chopin.fr\/index.php\/wp-json\/wp\/v2\/pages\/2\/revisions"}],"predecessor-version":[{"id":112,"href":"https:\/\/copro-chopin.fr\/index.php\/wp-json\/wp\/v2\/pages\/2\/revisions\/112"}],"wp:attachment":[{"href":"https:\/\/copro-chopin.fr\/index.php\/wp-json\/wp\/v2\/media?parent=2"}],"curies":[{"name":"wp","href":"https:\/\/api.w.org\/{rel}","templated":true}]}}